{"id":3,"date":"2021-06-21T06:04:39","date_gmt":"2021-06-21T06:04:39","guid":{"rendered":"https:\/\/ittechfix.com\/?page_id=3"},"modified":"2022-05-26T11:42:20","modified_gmt":"2022-05-26T11:42:20","slug":"privacy-policy","status":"publish","type":"page","link":"https:\/\/ittechfix.com\/tr\/privacy-policy\/","title":{"rendered":"Gizlilik Politikas\u0131"},"content":{"rendered":"<div data-elementor-type=\"wp-page\" data-elementor-id=\"3\" class=\"elementor elementor-3\">\n\t\t\t\t\t\t\t\t\t<section class=\"elementor-section elementor-top-section elementor-element elementor-element-5b3adee7 elementor-section-boxed elementor-section-height-default elementor-section-height-default\" data-id=\"5b3adee7\" data-element_type=\"section\" data-settings=\"{&quot;background_background&quot;:&quot;classic&quot;,&quot;_ha_eqh_enable&quot;:false}\">\n\t\t\t\t\t\t\t<div class=\"elementor-background-overlay\"><\/div>\n\t\t\t\t\t\t\t<div class=\"elementor-container elementor-column-gap-default\">\n\t\t\t\t\t<div class=\"elementor-column elementor-col-50 elementor-top-column elementor-element elementor-element-431cd7c8\" data-id=\"431cd7c8\" data-element_type=\"column\">\n\t\t\t<div class=\"elementor-widget-wrap\">\n\t\t\t\t\t\t\t\t\t<\/div>\n\t\t<\/div>\n\t\t\t\t<div class=\"elementor-column elementor-col-50 elementor-top-column elementor-element elementor-element-4fde4e1f\" data-id=\"4fde4e1f\" data-element_type=\"column\">\n\t\t\t<div class=\"elementor-widget-wrap\">\n\t\t\t\t\t\t\t\t\t<\/div>\n\t\t<\/div>\n\t\t\t\t\t\t\t<\/div>\n\t\t<\/section>\n\t\t\t\t<section class=\"elementor-section elementor-top-section elementor-element elementor-element-b755ca6 elementor-section-boxed elementor-section-height-default elementor-section-height-default\" data-id=\"b755ca6\" data-element_type=\"section\" data-settings=\"{&quot;_ha_eqh_enable&quot;:false}\">\n\t\t\t\t\t\t<div class=\"elementor-container elementor-column-gap-default\">\n\t\t\t\t\t<div class=\"elementor-column elementor-col-100 elementor-top-column elementor-element elementor-element-22b88f84\" data-id=\"22b88f84\" data-element_type=\"column\">\n\t\t\t<div class=\"elementor-widget-wrap elementor-element-populated\">\n\t\t\t\t\t\t\t\t<div class=\"elementor-element elementor-element-1599956d elementor-widget elementor-widget-text-editor\" data-id=\"1599956d\" data-element_type=\"widget\" data-no-translation=\"\" data-widget_type=\"text-editor.default\">\n\t\t\t\t<div class=\"elementor-widget-container\">\n\t\t\t<style>.elementor-element-1599956d{display:none !important}<\/style>\t\t<\/div>\n\t\t\t\t<\/div>\n\t\t\t\t<div class=\"elementor-element elementor-element-d1651f4 elementor-widget elementor-widget-text-editor\" data-id=\"d1651f4\" data-element_type=\"widget\" data-no-translation=\"\" data-widget_type=\"text-editor.default\">\n\t\t\t\t<div class=\"elementor-widget-container\">\n\t\t\t\t\t\t\t<div><h2>Gizlilik Politikas\u0131<\/h2><\/div><p>Ma\u011fazam\u0131zda Verilen T\u00fcm Servisler, \u015eekerhane Mah \u015eevket Toku\u015f Cd. 4 \/ B Alanya Adresinde Kay\u0131tl\u0131 T\u00dcL-AY REKL. TUR. \u0130N\u015e. PAZ. T\u0130C. LTD.\u015eT\u0130.<br \/>Firmam\u0131za Aittir Ve Firmam\u0131z Taraf\u0131ndan I\u015fletilir.<br \/>Firmam\u0131z, \u00c7e\u015fitli Ama\u00e7larla Ki\u015fisel Veriler Toplayabilir. A\u015fa\u011f\u0131da,<br \/>Toplanan Ki\u015fisel Verilerin Nas\u0131l Ve Ne \u015eekilde Topland\u0131\u011f\u0131, Bu Verilerin<br \/>Nas\u0131l Ve Ne \u015eekilde Korundu\u011fu Belirtilmi\u015ftir.<br \/>\u00dcyelik Veya Ma\u011fazam\u0131z \u00dczerindeki \u00c7e\u015fitli Form Ve Anketlerin Doldurulmas\u0131<br \/>Suretiyle \u00dcyelerin Kendileriyle Ilgili Bir Tak\u0131m Ki\u015fisel Bilgileri (Isimsoy Isim, Firma Bilgileri, Telefon, Adres Veya E-Posta Adresleri Gibi)<br \/>Ma\u011fazam\u0131z Taraf\u0131ndan I\u015fin Do\u011fas\u0131 Gere\u011fi Toplanmaktad\u0131r.<br \/>Firmam\u0131z Baz\u0131 D\u00f6nemlerde M\u00fc\u015fterilerine Ve \u00dcyelerine Kampanya Bilgileri,<br \/>Yeni \u00dcr\u00fcnler Hakk\u0131nda Bilgiler, Promosyon Teklifleri G\u00f6nderebilir.<br \/>\u00dcyelerimiz Bu Gibi Bilgileri Al\u0131p Almama Konusunda Her T\u00fcrl\u00fc Se\u00e7imi \u00dcye<br \/>Olurken Yapabilir, Sonras\u0131nda \u00dcye Giri\u015fi Yapt\u0131ktan Sonra Hesap Bilgileri<br \/>B\u00f6l\u00fcm\u00fcnden Bu Se\u00e7imi De\u011fi\u015ftirilebilir Ya Da Kendisine Gelen Bilgilendirme<br \/>Iletisindeki Linkle Bildirim Yapabilir.<br \/>Ma\u011fazam\u0131z \u00dczerinden Veya Eposta Ile Ger\u00e7ekle\u015ftirilen Onay S\u00fcrecinde,<br \/>\u00dcyelerimiz Taraf\u0131ndan Ma\u011fazam\u0131za Elektronik Ortamdan Iletilen Ki\u015fisel<br \/>Bilgiler, \u00dcyelerimiz Ile Yapt\u0131\u011f\u0131m\u0131z \u201cKullan\u0131c\u0131 S\u00f6zle\u015fmesi\u201d Ile Belirlenen<br \/>Ama\u00e7lar Ve Kapsam D\u0131\u015f\u0131nda \u00dc\u00e7\u00fcnc\u00fc Ki\u015filere A\u00e7\u0131klanmayacakt\u0131r.<br \/>Sistemle Ilgili Sorunlar\u0131n Tan\u0131mlanmas\u0131 Ve Verilen Hizmet Ile Ilgili<br \/>\u00c7\u0131kabilecek Sorunlar\u0131n Veya Uyu\u015fmazl\u0131klar\u0131n H\u0131zla \u00c7\u00f6z\u00fclmesi I\u00e7in,<br \/>Firmam\u0131z, \u00dcyelerinin IP Adresini Kaydetmekte Ve Bunu Kullanmaktad\u0131r. IP<br \/>Adresleri, Kullan\u0131c\u0131lar\u0131 Genel Bir \u015eekilde Tan\u0131mlamak Ve Kapsaml\u0131<br \/>Demografik Bilgi Toplamak Amac\u0131yla Da Kullan\u0131labilir.<br \/>Firmam\u0131z, \u00dcyelik S\u00f6zle\u015fmesi Ile Belirlenen Ama\u00e7lar Ve Kapsam D\u0131\u015f\u0131nda Da,<br \/>Talep Edilen Bilgileri Kendisi Veya I\u015fbirli\u011fi I\u00e7inde Oldu\u011fu Ki\u015filer<br \/>Taraf\u0131ndan Do\u011frudan Pazarlama Yapmak Amac\u0131yla Kullanabilir. Ki\u015fisel<br \/>Bilgiler, Gerekti\u011finde Kullan\u0131c\u0131yla Temas Kurmak I\u00e7in De Kullan\u0131labilir.<br \/>Firmam\u0131z Taraf\u0131ndan Talep Edilen Bilgiler Veya Kullan\u0131c\u0131 Taraf\u0131ndan<br \/>Sa\u011flanan Bilgiler Veya Ma\u011fazam\u0131z \u00dczerinden Yap\u0131lan I\u015flemlerle Ilgili<br \/>Bilgiler; Firmam\u0131z Ve I\u015fbirli\u011fi I\u00e7inde Oldu\u011fu Ki\u015filer Taraf\u0131ndan, \u201c\u00dcyelik<br \/>S\u00f6zle\u015fmesi\u201d Ile Belirlenen Ama\u00e7lar Ve Kapsam D\u0131\u015f\u0131nda Da, \u00dcyelerimizin<br \/>Kimli\u011fi If\u015fa Edilmeden \u00c7e\u015fitli Istatistiksel De\u011ferlendirmeler, Veri<br \/>Taban\u0131 Olu\u015fturma Ve Pazar Ara\u015ft\u0131rmalar\u0131nda Kullan\u0131labilir.<br \/>Firmam\u0131z, Gizli Bilgileri Kesinlikle \u00d6zel Ve Gizli Tutmay\u0131, Bunu Bir S\u0131r<br \/>Saklama Y\u00fck\u00fcm\u00fc Olarak Addetmeyi Ve Gizlili\u011fin Sa\u011flanmas\u0131 Ve S\u00fcrd\u00fcr\u00fclmesi,<br \/>Gizli Bilginin Tamam\u0131n\u0131n Veya Herhangi Bir K\u0131sm\u0131n\u0131n Kamu Alan\u0131na<br \/>Girmesini Veya Yetkisiz Kullan\u0131m\u0131n\u0131 Veya \u00dc\u00e7\u00fcnc\u00fc Bir Ki\u015fiye If\u015fas\u0131n\u0131<br \/>\u00d6nlemek I\u00e7in Gerekli T\u00fcm Tedbirleri Almay\u0131 Ve Gerekli \u00d6zeni G\u00f6stermeyi<br \/>Taahh\u00fct Etmektedir.<\/p><p>KRED\u0130 KARTI G\u00dcVENL\u0130\u011e\u0130<\/p><p>Firmam\u0131z, Al\u0131\u015fveri\u015f Sitelerimizden Al\u0131\u015fveri\u015f Yapan Kredi Kart\u0131<br \/>Sahiplerinin G\u00fcvenli\u011fini Ilk Planda Tutmaktad\u0131r. Kredi Kart\u0131 Bilgileriniz<br \/>Hi\u00e7bir \u015eekilde Sistemimizde Saklanmamaktad\u0131r.<\/p><p>\u0130\u015flemler S\u00fcrecine Girdi\u011finizde G\u00fcvenli Bir Sitede Oldu\u011funuzu Anlamak I\u00e7in<br \/>Dikkat Etmeniz Gereken Iki \u015eey Vard\u0131r. Bunlardan Biri Taray\u0131c\u0131n\u0131z\u0131n En<br \/>Alt Sat\u0131r\u0131nda Bulunan Bir Anahtar Ya Da Kilit Simgesidir. Bu G\u00fcvenli Bir<br \/>Internet Sayfas\u0131nda Oldu\u011funuzu G\u00f6sterir Ve Her T\u00fcrl\u00fc Bilgileriniz<br \/>\u015eifrelenerek Korunur. Bu Bilgiler, Ancak Sat\u0131\u015f I\u015flemleri S\u00fcrecine Ba\u011fl\u0131<br \/>Olarak Ve Verdi\u011finiz Talimat Istikametinde Kullan\u0131l\u0131r. Al\u0131\u015fveri\u015f<br \/>S\u0131ras\u0131nda Kullan\u0131lan Kredi Kart\u0131 Ile Ilgili Bilgiler Al\u0131\u015fveri\u015f<br \/>Sitelerimizden Ba\u011f\u0131ms\u0131z Olarak 128 Bit SSL (Secure Sockets Layer)<br \/>Protokol\u00fc Ile \u015eifrelenip Sorgulanmak \u00dczere Ilgili Bankaya Ula\u015ft\u0131r\u0131l\u0131r.<br \/>Kart\u0131n Kullan\u0131labilirli\u011fi Onayland\u0131\u011f\u0131 Takdirde Al\u0131\u015fveri\u015fe Devam Edilir.<br \/>Kartla Ilgili Hi\u00e7bir Bilgi Taraf\u0131m\u0131zdan G\u00f6r\u00fcnt\u00fclenemedi\u011finden Ve<br \/>Kaydedilmedi\u011finden, \u00dc\u00e7\u00fcnc\u00fc \u015eah\u0131slar\u0131n Herhangi Bir Ko\u015fulda Bu Bilgileri<br \/>Ele Ge\u00e7irmesi Engellenmi\u015f Olur.<br \/>Online Olarak Kredi Kart\u0131 Ile Verilen Sipari\u015flerin \u00d6deme\/Fatura\/Teslimat<br \/>Adresi Bilgilerinin G\u00fcvenilirli\u011fi Firmamiz Taraf\u0131ndan Kredi Kartlar\u0131<br \/>Doland\u0131r\u0131c\u0131l\u0131\u011f\u0131\u2019na Kar\u015f\u0131 Denetlenmektedir. Bu Y\u00fczden, Al\u0131\u015fveri\u015f<br \/>Sitelerimizden Ilk Defa Sipari\u015f Veren M\u00fc\u015fterilerin Sipari\u015flerinin Tedarik<br \/>Ve Teslimat A\u015famas\u0131na Gelebilmesi I\u00e7in \u00d6ncelikle Finansal Ve<br \/>Adres\/Telefon Bilgilerinin Do\u011frulu\u011funun Onaylanmas\u0131 Gereklidir. Bu<br \/>Bilgilerin Kontrol\u00fc I\u00e7in Gerekirse Kredi Kart\u0131 Sahibi M\u00fc\u015fteri Ile Veya<br \/>Ilgili Banka Ile Irtibata Ge\u00e7ilmektedir.<br \/>\u00dcye Olurken Verdi\u011finiz T\u00fcm Bilgilere Sadece Siz Ula\u015fabilir Ve Siz<br \/>De\u011fi\u015ftirebilirsiniz. \u00dcye Giri\u015f Bilgilerinizi G\u00fcvenli Korudu\u011funuz Takdirde<br \/>Ba\u015fkalar\u0131n\u0131n Sizinle Ilgili Bilgilere Ula\u015fmas\u0131 Ve Bunlar\u0131 De\u011fi\u015ftirmesi<br \/>M\u00fcmk\u00fcn De\u011fildir. Bu Ama\u00e7la, \u00dcyelik I\u015flemleri S\u0131ras\u0131nda 128 Bit SSL<br \/>G\u00fcvenlik Alan\u0131 I\u00e7inde Hareket Edilir. Bu Sistem K\u0131r\u0131lmas\u0131 M\u00fcmk\u00fcn Olmayan<br \/>Bir Uluslararas\u0131 Bir \u015eifreleme Standard\u0131d\u0131r.<br \/>Bilgi Hatt\u0131 Veya M\u00fc\u015fteri Hizmetleri Servisi Bulunan Ve A\u00e7\u0131k Adres Ve<br \/>Telefon Bilgilerinin Belirtildi\u011fi \u0130nternet Al\u0131\u015fveri\u015f Siteleri G\u00fcn\u00fcm\u00fczde<br \/>Daha Fazla Tercih Edilmektedir. Bu Sayede Akl\u0131n\u0131za Tak\u0131lan B\u00fct\u00fcn Konular<br \/>Hakk\u0131nda Detayl\u0131 Bilgi Alabilir, Online Al\u0131\u015fveri\u015f Hizmeti Sa\u011flayan<br \/>Firman\u0131n G\u00fcvenirli\u011fi Konusunda Daha Sa\u011fl\u0131kl\u0131 Bilgi Edinebilirsiniz.<\/p><p>Not: \u0130nternet Al\u0131\u015fveri\u015f Sitelerinde Firman\u0131n A\u00e7\u0131k Adresinin Ve Telefonun<br \/>Yer Almas\u0131na Dikkat Edilmesini Tavsiye Ediyoruz. Al\u0131\u015fveri\u015f Yapacaksan\u0131z<br \/>Al\u0131\u015fveri\u015finizi Yapmadan \u00dcr\u00fcn\u00fc Ald\u0131\u011f\u0131n\u0131z Ma\u011fazan\u0131n B\u00fct\u00fcn Telefon \/ Adres<br \/>Bilgilerini Not Edin. E\u011fer G\u00fcvenmiyorsan\u0131z Al\u0131\u015fveri\u015ften \u00d6nce Telefon<br \/>Ederek Teyit Edin. Firmam\u0131za Ait T\u00fcm Online Al\u0131\u015fveri\u015f Sitelerimizde<br \/>Firmam\u0131za Dair T\u00fcm Bilgiler Ve Firma Yeri Belirtilmi\u015ftir.<\/p><p>MA\u0130L ORDER KRED\u0130 KART B\u0130LG\u0130LER\u0130 G\u00dcVENL\u0130\u011e\u0130<\/p><p>Kredi Kart\u0131 Mail-Order Y\u00f6ntemi Ile Bize G\u00f6nderece\u011finiz Kimlik Ve Kredi<br \/>Kart Bilgileriniz Firmam\u0131z Taraf\u0131ndan Gizlilik Prensibine G\u00f6re<br \/>Saklanacakt\u0131r. Bu Bilgiler Olas\u0131 Banka Ile Olu\u015fubilecek Kredi Kart\u0131ndan<br \/>Para \u00c7ekim Itirazlar\u0131na Kar\u015f\u0131 60 G\u00fcn S\u00fcre Ile Bekletilip Daha Sonras\u0131nda<br \/>Imha Edilmektedir. Sipari\u015f Etti\u011finiz \u00dcr\u00fcnlerin Bedeli Kar\u015f\u0131l\u0131\u011f\u0131nda Bize<br \/>G\u00f6nderece\u011finiz Taraf\u0131n\u0131zdan Onayl\u0131 Mail-Order Formu Bedeli D\u0131\u015f\u0131nda<br \/>Herhangi Bir Bedelin Kart\u0131n\u0131zdan \u00c7ekilmesi Halinde Do\u011fal Olarak Bankaya<br \/>Itiraz Edebilir Ve Bu Tutar\u0131n \u00d6denmesini Engelleyebilece\u011finiz I\u00e7in Bir<br \/>Risk Olu\u015fturmamaktad\u0131r.<br \/>\u00dc\u00c7\u00dcNC\u00dc TARAF WEB S\u0130TELER\u0130 VE UYGULAMALAR<br \/>Ma\u011fazam\u0131z, Web Sitesi D\u00e2hilinde Ba\u015fka Sitelere Link Verebilir. Firmam\u0131z,<br \/>Bu Linkler Vas\u0131tas\u0131yla Eri\u015filen Sitelerin Gizlilik Uygulamalar\u0131 Ve<br \/>I\u00e7eriklerine Y\u00f6nelik Herhangi Bir Sorumluluk Ta\u015f\u0131mamaktad\u0131r. Firmam\u0131za<br \/>Ait Sitede Yay\u0131nlanan Reklamlar, Reklamc\u0131l\u0131k Yapan I\u015f Ortaklar\u0131m\u0131z<br \/>Arac\u0131l\u0131\u011f\u0131 Ile Kullan\u0131c\u0131lar\u0131m\u0131za Da\u011f\u0131t\u0131l\u0131r. \u0130\u015f Bu S\u00f6zle\u015fmedeki Gizlilik<br \/>Politikas\u0131 Prensipleri, Sadece Ma\u011fazam\u0131z\u0131n Kullan\u0131m\u0131na Ili\u015fkindir, \u00dc\u00e7\u00fcnc\u00fc<br \/>Taraf Web Sitelerini Kapsamaz.<br \/>\u0130ST\u0130SNA\u0130 HALLER<br \/>A\u015fa\u011f\u0131da Belirtilen S\u0131n\u0131rl\u0131 Hallerde Firmam\u0131z, I\u015fbu \u201cGizlilik Politikas\u0131\u201d<br \/>H\u00fck\u00fcmleri D\u0131\u015f\u0131nda Kullan\u0131c\u0131lara Ait Bilgileri \u00dc\u00e7\u00fcnc\u00fc Ki\u015filere<br \/>A\u00e7\u0131klayabilir. Bu Durumlar S\u0131n\u0131rl\u0131 Say\u0131da Olmak \u00dczere;<br \/>1.Kanun, Kanun H\u00fckm\u00fcnde Kararname, Y\u00f6netmelik V.B. Yetkili Hukuki Otorite<br \/>Taraf\u0131ndan \u00c7\u0131kar\u0131lan Ve Y\u00fcr\u00fcrl\u00fcl\u00fckte Olan Hukuk Kurallar\u0131n\u0131n Getirdi\u011fi<br \/>Zorunluluklara Uymak;<br \/>2.Ma\u011fazam\u0131z\u0131n Kullan\u0131c\u0131larla Akdetti\u011fi \u201c\u00dcyelik S\u00f6zle\u015fmesi\u201d\u2018Nin Ve Di\u011fer<br \/>S\u00f6zle\u015fmelerin Gereklerini Yerine Getirmek Ve Bunlar\u0131 Uygulamaya Koymak<br \/>Amac\u0131yla;<br \/>3.Yetkili Idari Ve Adli Otorite Taraf\u0131ndan Usul\u00fcne G\u00f6re Y\u00fcr\u00fct\u00fclen Bir<br \/>Ara\u015ft\u0131rma Veya Soru\u015fturman\u0131n Y\u00fcr\u00fct\u00fcm\u00fc Amac\u0131yla Kullan\u0131c\u0131larla Ilgili<br \/>Bilgi Talep Edilmesi;<br \/>4.Kullan\u0131c\u0131lar\u0131n Haklar\u0131 Veya G\u00fcvenliklerini Korumak I\u00e7in Bilgi Vermenin<br \/>Gerekli Oldu\u011fu Hallerdir.<br \/>E-POSTA G\u00dcVENL\u0130\u011e\u0130<br \/>Ma\u011fazam\u0131z\u0131n M\u00fc\u015fteri Hizmetleri\u2019ne, Herhangi Bir Sipari\u015finizle Ilgili<br \/>Olarak G\u00f6nderece\u011finiz E-Postalarda, Asla Kredi Kart\u0131 Numaran\u0131z\u0131 Veya<br \/>\u015eifrelerinizi Yazmay\u0131n\u0131z. E-Postalarda Yer Alan Bilgiler \u00dc\u00e7\u00fcnc\u00fc \u015eah\u0131slar<br \/>Taraf\u0131ndan G\u00f6r\u00fclebilir. Firmam\u0131z E-Postalar\u0131n\u0131zdan Aktar\u0131lan Bilgilerin<br \/>G\u00fcvenli\u011fini Hi\u00e7bir Ko\u015fulda Garanti Edemez.<br \/>TARAYICI \u00c7EREZLER\u0130<br \/>Firmam\u0131z, Ma\u011fazam\u0131z\u0131 Ziyaret Eden Kullan\u0131c\u0131lar Ve Kullan\u0131c\u0131lar\u0131n Web<br \/>Sitesini Kullan\u0131m\u0131 Hakk\u0131ndaki Bilgileri Teknik Bir Ileti\u015fim Dosyas\u0131<br \/>(\u00c7erez-Cookie) Kullanarak Elde Edebilir. Bahsi Ge\u00e7en Teknik Ileti\u015fim<br \/>Dosyalar\u0131, Ana Bellekte Saklanmak \u00dczere Bir Internet Sitesinin<br \/>Kullan\u0131c\u0131n\u0131n Taray\u0131c\u0131s\u0131na (Browser) G\u00f6nderdi\u011fi K\u00fc\u00e7\u00fck Metin Dosyalar\u0131d\u0131r.<br \/>Teknik Ileti\u015fim Dosyas\u0131 Site Hakk\u0131nda Durum Ve Tercihleri Saklayarak<br \/>\u0130nternet\u2019in Kullan\u0131m\u0131n\u0131 Kolayla\u015ft\u0131r\u0131r.<br \/>Teknik Ileti\u015fim Dosyas\u0131, Siteyi Ka\u00e7 Ki\u015finin Ziyaret Etti\u011fini, Bir<br \/>Ki\u015finin Siteyi Hangi Ama\u00e7la, Ka\u00e7 Kez Ziyaret Etti\u011fini Ve Ne Kadar Sitede<br \/>Kald\u0131klar\u0131 Hakk\u0131nda Istatistiksel Bilgileri Elde Etmeye Ve Kullan\u0131c\u0131lar<br \/>I\u00e7in \u00d6zel Tasarlanm\u0131\u015f Kullan\u0131c\u0131 Sayfalar\u0131ndan Dinamik Olarak Reklam Ve<br \/>I\u00e7erik \u00dcretilmesine Yard\u0131mc\u0131 Olur. Teknik Ileti\u015fim Dosyas\u0131, Ana Bellekte<br \/>Veya E-Postan\u0131zdan Veri Veya Ba\u015fkaca Herhangi Bir Ki\u015fisel Bilgi Almak<br \/>I\u00e7in Tasarlanmam\u0131\u015ft\u0131r. Taray\u0131c\u0131lar\u0131n Pek \u00c7o\u011fu Ba\u015fta Teknik Ileti\u015fim<br \/>Dosyas\u0131n\u0131 Kabul Eder Bi\u00e7imde Tasarlanm\u0131\u015ft\u0131r Ancak Kullan\u0131c\u0131lar Dilerse<br \/>Teknik Ileti\u015fim Dosyas\u0131n\u0131n Gelmemesi Veya Teknik Ileti\u015fim Dosyas\u0131n\u0131n<br \/>G\u00f6nderildi\u011finde Uyar\u0131 Verilmesini Sa\u011flayacak Bi\u00e7imde Ayarlar\u0131<br \/>De\u011fi\u015ftirebilirler.<br \/>Firmam\u0131z, I\u015fbu \u201cGizlilik Politikas\u0131\u201d H\u00fck\u00fcmlerini Diledi\u011fi Zaman Sitede<br \/>Yay\u0131nlamak Veya Kullan\u0131c\u0131lara Elektronik Posta G\u00f6ndermek Veya Sitesinde<br \/>Yay\u0131nlamak Suretiyle De\u011fi\u015ftirebilir. Gizlilik Politikas\u0131 H\u00fck\u00fcmleri<br \/>De\u011fi\u015fti\u011fi Takdirde, Yay\u0131nland\u0131\u011f\u0131 Tarihte Y\u00fcr\u00fcrl\u00fck Kazan\u0131r.<br \/>Gizlilik Politikam\u0131z Ile Ilgili Her T\u00fcrl\u00fc Soru Ve \u00d6nerileriniz I\u00e7in<br \/>support@dataservices.uno Adresine Email G\u00f6nderebilirsiniz. Firmam\u0131z\u2019a Ait<br \/>A\u015fa\u011f\u0131daki Ileti\u015fim Bilgilerinden Ula\u015fabilirsiniz.<br \/>Firma \u00dcnvan\u0131: T\u00dcL-AY REKL. TUR. \u0130N\u015e. PAZ. T\u0130C. LTD.\u015eT\u0130.<br \/>Adres: \u015eekerhane Mah \u015eevket Toku\u015f Cd. 4 \/ B Alanya<br \/>Eposta: support@ittechfix.com<br \/>Tel: +90 242 513 16 27<br \/>Fax: \u2014<\/p>\t\t\t\t\t\t<\/div>\n\t\t\t\t<\/div>\n\t\t\t\t\t<\/div>\n\t\t<\/div>\n\t\t\t\t\t\t\t<\/div>\n\t\t<\/section>\n\t\t\t\t<section class=\"elementor-section elementor-top-section elementor-element elementor-element-7bf9002d elementor-section-boxed elementor-section-height-default elementor-section-height-default\" data-id=\"7bf9002d\" data-element_type=\"section\" data-settings=\"{&quot;background_background&quot;:&quot;classic&quot;,&quot;_ha_eqh_enable&quot;:false}\">\n\t\t\t\t\t\t\t<div class=\"elementor-background-overlay\"><\/div>\n\t\t\t\t\t\t\t<div class=\"elementor-container elementor-column-gap-default\">\n\t\t\t\t\t<div class=\"elementor-column elementor-col-50 elementor-top-column elementor-element elementor-element-218ced1f\" data-id=\"218ced1f\" data-element_type=\"column\">\n\t\t\t<div class=\"elementor-widget-wrap\">\n\t\t\t\t\t\t\t\t\t<\/div>\n\t\t<\/div>\n\t\t\t\t<div class=\"elementor-column elementor-col-50 elementor-top-column elementor-element elementor-element-244a8474\" data-id=\"244a8474\" data-element_type=\"column\">\n\t\t\t<div class=\"elementor-widget-wrap\">\n\t\t\t\t\t\t\t\t\t<\/div>\n\t\t<\/div>\n\t\t\t\t\t\t\t<\/div>\n\t\t<\/section>\n\t\t\t\t\t\t\t<\/div>","protected":false},"excerpt":{"rendered":"<p>Privacy Policy All services provided in our store, \u015eekerhane mah \u015eevket toku\u015f cd. 4 \/ B Alanya\u00a0It belongs to our T\u00dcL-AY REKL. TUR. \u0130N\u015e. PAZ. T\u0130C. LTD.\u015eT\u0130.\u00a0company and is operated by our company. Our company may collect personal data for various purposes. How and in what way the collected personal data is collected, how and [&hellip;]<\/p>","protected":false},"author":5,"featured_media":0,"parent":0,"menu_order":0,"comment_status":"closed","ping_status":"closed","template":"elementor_header_footer","meta":{"footnotes":""},"class_list":["post-3","page","type-page","status-publish","hentry"],"_links":{"self":[{"href":"https:\/\/ittechfix.com\/tr\/wp-json\/wp\/v2\/pages\/3","targetHints":{"allow":["GET"]}}],"collection":[{"href":"https:\/\/ittechfix.com\/tr\/wp-json\/wp\/v2\/pages"}],"about":[{"href":"https:\/\/ittechfix.com\/tr\/wp-json\/wp\/v2\/types\/page"}],"author":[{"embeddable":true,"href":"https:\/\/ittechfix.com\/tr\/wp-json\/wp\/v2\/users\/5"}],"replies":[{"embeddable":true,"href":"https:\/\/ittechfix.com\/tr\/wp-json\/wp\/v2\/comments?post=3"}],"version-history":[{"count":18,"href":"https:\/\/ittechfix.com\/tr\/wp-json\/wp\/v2\/pages\/3\/revisions"}],"predecessor-version":[{"id":5394,"href":"https:\/\/ittechfix.com\/tr\/wp-json\/wp\/v2\/pages\/3\/revisions\/5394"}],"wp:attachment":[{"href":"https:\/\/ittechfix.com\/tr\/wp-json\/wp\/v2\/media?parent=3"}],"curies":[{"name":"wp","href":"https:\/\/api.w.org\/{rel}","templated":true}]}}