{"id":40,"date":"2021-06-23T04:43:38","date_gmt":"2021-06-23T04:43:38","guid":{"rendered":"https:\/\/ittechfix.com\/?page_id=40"},"modified":"2022-05-28T11:57:03","modified_gmt":"2022-05-28T11:57:03","slug":"about","status":"publish","type":"page","link":"https:\/\/ittechfix.com\/tr\/about\/","title":{"rendered":"Hakk\u0131m\u0131zda"},"content":{"rendered":"<div data-elementor-type=\"wp-page\" data-elementor-id=\"40\" class=\"elementor elementor-40\">\n\t\t\t\t\t\t\t\t\t<section class=\"elementor-section elementor-top-section elementor-element elementor-element-2ad3d017 elementor-section-full_width elementor-section-height-default elementor-section-height-default\" data-id=\"2ad3d017\" data-element_type=\"section\" data-settings=\"{&quot;background_background&quot;:&quot;classic&quot;,&quot;_ha_eqh_enable&quot;:false}\">\n\t\t\t\t\t\t\t<div class=\"elementor-background-overlay\"><\/div>\n\t\t\t\t\t\t\t<div class=\"elementor-container elementor-column-gap-default\">\n\t\t\t\t\t<div class=\"elementor-column elementor-col-50 elementor-top-column elementor-element elementor-element-7a80354f\" data-id=\"7a80354f\" data-element_type=\"column\">\n\t\t\t<div class=\"elementor-widget-wrap\">\n\t\t\t\t\t\t\t\t\t<\/div>\n\t\t<\/div>\n\t\t\t\t<div class=\"elementor-column elementor-col-50 elementor-top-column elementor-element elementor-element-eea3759\" data-id=\"eea3759\" data-element_type=\"column\">\n\t\t\t<div class=\"elementor-widget-wrap\">\n\t\t\t\t\t\t\t\t\t<\/div>\n\t\t<\/div>\n\t\t\t\t\t\t\t<\/div>\n\t\t<\/section>\n\t\t\t\t<section class=\"elementor-section elementor-top-section elementor-element elementor-element-3ba6e969 elementor-section-boxed elementor-section-height-default elementor-section-height-default\" data-id=\"3ba6e969\" data-element_type=\"section\" data-settings=\"{&quot;_ha_eqh_enable&quot;:false}\">\n\t\t\t\t\t\t<div class=\"elementor-container elementor-column-gap-default\">\n\t\t\t\t\t<div class=\"elementor-column elementor-col-50 elementor-top-column elementor-element elementor-element-3de72f17\" data-id=\"3de72f17\" data-element_type=\"column\">\n\t\t\t<div class=\"elementor-widget-wrap elementor-element-populated\">\n\t\t\t\t\t\t\t\t<div class=\"elementor-element elementor-element-2531fb2b elementor-widget elementor-widget-image\" data-id=\"2531fb2b\" data-element_type=\"widget\" data-widget_type=\"image.default\">\n\t\t\t\t<div class=\"elementor-widget-container\">\n\t\t\t\t\t\t\t\t\t\t\t\t\t\t\t<img fetchpriority=\"high\" decoding=\"async\" width=\"470\" height=\"550\" src=\"https:\/\/ittechfix.com\/wp-content\/uploads\/2021\/07\/img-21.jpg\" class=\"attachment-full size-full wp-image-3591\" alt=\"\" srcset=\"https:\/\/ittechfix.com\/wp-content\/uploads\/2021\/07\/img-21.jpg 470w, https:\/\/ittechfix.com\/wp-content\/uploads\/2021\/07\/img-21-256x300.jpg 256w\" sizes=\"(max-width: 470px) 100vw, 470px\" \/>\t\t\t\t\t\t\t\t\t\t\t\t\t\t\t<\/div>\n\t\t\t\t<\/div>\n\t\t\t\t<div class=\"elementor-element elementor-element-4c0a5d9c elementor-widget__width-initial elementor-absolute elementor-hidden-phone elementor-widget elementor-widget-image\" data-id=\"4c0a5d9c\" data-element_type=\"widget\" data-settings=\"{&quot;_position&quot;:&quot;absolute&quot;}\" data-widget_type=\"image.default\">\n\t\t\t\t<div class=\"elementor-widget-container\">\n\t\t\t\t\t\t\t\t\t\t\t\t\t\t\t<img decoding=\"async\" width=\"150\" height=\"150\" src=\"https:\/\/ittechfix.com\/wp-content\/uploads\/2021\/06\/elm-1.png\" class=\"attachment-large size-large wp-image-384\" alt=\"\" srcset=\"https:\/\/ittechfix.com\/wp-content\/uploads\/2021\/06\/elm-1.png 150w, https:\/\/ittechfix.com\/wp-content\/uploads\/2021\/06\/elm-1-100x100.png 100w\" sizes=\"(max-width: 150px) 100vw, 150px\" \/>\t\t\t\t\t\t\t\t\t\t\t\t\t\t\t<\/div>\n\t\t\t\t<\/div>\n\t\t\t\t<div class=\"elementor-element elementor-element-8e2992c elementor-widget__width-initial elementor-absolute elementor-widget-mobile__width-initial elementor-hidden-phone elementor-widget elementor-widget-image\" data-id=\"8e2992c\" data-element_type=\"widget\" data-settings=\"{&quot;_position&quot;:&quot;absolute&quot;}\" data-widget_type=\"image.default\">\n\t\t\t\t<div class=\"elementor-widget-container\">\n\t\t\t\t\t\t\t\t\t\t\t\t\t\t\t<img decoding=\"async\" width=\"100\" height=\"130\" src=\"https:\/\/ittechfix.com\/wp-content\/uploads\/2021\/06\/elm-5.png\" class=\"attachment-large size-large wp-image-477\" alt=\"\" \/>\t\t\t\t\t\t\t\t\t\t\t\t\t\t\t<\/div>\n\t\t\t\t<\/div>\n\t\t\t\t<div class=\"elementor-element elementor-element-5275a817 elementor-widget__width-initial elementor-absolute elementor-hidden-phone elementor-widget elementor-widget-image\" data-id=\"5275a817\" data-element_type=\"widget\" data-settings=\"{&quot;_position&quot;:&quot;absolute&quot;}\" data-widget_type=\"image.default\">\n\t\t\t\t<div class=\"elementor-widget-container\">\n\t\t\t\t\t\t\t\t\t\t\t\t\t\t\t<img loading=\"lazy\" decoding=\"async\" width=\"100\" height=\"104\" src=\"https:\/\/ittechfix.com\/wp-content\/uploads\/2021\/06\/elm-4.png\" class=\"attachment-large size-large wp-image-458\" alt=\"\" \/>\t\t\t\t\t\t\t\t\t\t\t\t\t\t\t<\/div>\n\t\t\t\t<\/div>\n\t\t\t\t\t<\/div>\n\t\t<\/div>\n\t\t\t\t<div class=\"elementor-column elementor-col-50 elementor-top-column elementor-element elementor-element-37a467fc\" data-id=\"37a467fc\" data-element_type=\"column\">\n\t\t\t<div class=\"elementor-widget-wrap elementor-element-populated\">\n\t\t\t\t\t\t\t\t<div class=\"elementor-element elementor-element-590527e elementor-widget elementor-widget-text-editor\" data-id=\"590527e\" data-element_type=\"widget\" data-no-translation=\"\" data-widget_type=\"text-editor.default\">\n\t\t\t\t<div class=\"elementor-widget-container\">\n\t\t\t<style>.elementor-element-590527e{display:none !important}<\/style>\t\t<\/div>\n\t\t\t\t<\/div>\n\t\t\t\t<div class=\"elementor-element elementor-element-83701c0 elementor-widget elementor-widget-text-editor\" data-id=\"83701c0\" data-element_type=\"widget\" data-no-translation=\"\" data-widget_type=\"text-editor.default\">\n\t\t\t\t<div class=\"elementor-widget-container\">\n\t\t\t\t\t\t\t<div class=\"overflow-hidden mb-2\"><div class=\"av-special-heading av-special-heading-h3 blockquote modern-quote avia-builder-el-4 el_before_av_hr avia-builder-el-first av-inherit-size\"><h2 class=\"av-special-heading-tag\">Her\u015fey Nas\u0131l Ba\u015flad\u0131 ?<\/h2><\/div><div class=\"hr hr-custom hr-left hr-icon-no avia-builder-el-5 el_after_av_heading el_before_av_textblock\">\u00a0<\/div><section class=\"av_textblock_section\"><div class=\"avia_textblock\"><p>Hakk\u0131m\u0131zda<br \/>Bili\u015fim sekt\u00f6r\u00fcnde \u201c\u0130\u015finize de\u011fer kat\u0131yoruz\u201d slogan\u0131yla yola \u00e7\u0131kan \u015eirketimiz, ko\u015fulsuz m\u00fc\u015fteri memnuniyetini esas alan bir yakla\u015f\u0131mla, m\u00fc\u015fterilerinin i\u015f verimlili\u011fi gereksinimlerine ve beklentilerine etkili bir \u015fekilde \u00e7\u00f6z\u00fcm \u00fcretmek, rekabet g\u00fc\u00e7lerini artt\u0131rmak, bili\u015fim alan\u0131ndaki teknolojik geli\u015fmeleri yak\u0131ndan takip etmelerine olanak sa\u011flamak ve bu geli\u015fmeleri i\u015flerine entegre etmeleri i\u00e7in \u00fcst\u00fcn hizmet anlay\u0131\u015f\u0131 ile bili\u015fim \u00e7\u00f6z\u00fcmleri sunar.<br \/>Her biri kendi alan\u0131nda en \u00fcst d\u00fczey sertifikasyona sahip uzman m\u00fchendis ve sat\u0131\u015f kadrosu ile \u00e7\u00f6z\u00fcm sundu\u011fu projelerde katma de\u011fer sa\u011flayarak d\u00fcnya ile entegre, inovatif \u00e7\u00f6z\u00fcmler \u00fcreten \u015eirketimiz, sunmu\u015f oldu\u011fu entegre \u00e7\u00f6z\u00fcmleri, kesintisiz ve s\u00fcrekli \u00e7al\u0131\u015fabilir BT mimarileri ile m\u00fc\u015fterilerine para ve zaman kayb\u0131 ya\u015fatmadan devaml\u0131 geli\u015fen teknolojik trendlere uygun olarak tasarlar ve m\u00fc\u015fterilerinin tek bir merkezden b\u00fct\u00fcnle\u015fik BT \u00e7\u00f6z\u00fcmlerine ula\u015fmas\u0131na olanak sa\u011flar.<br \/>Vizyon<br \/>Dijital d\u00f6n\u00fc\u015f\u00fcm\u00fcn g\u00fc\u00e7l\u00fc temsilcisi, yeni nesil, global bir teknoloji \u015firketi olmak.<\/p><p>Misyon<br \/>M\u00fc\u015fterilerine, \u00e7al\u0131\u015fanlar\u0131na ve kendi ekosistemine kar\u015f\u0131 duyarl\u0131, \u00fclkesine ve d\u00fcnyaya kar\u015f\u0131 sorumlu bir \u00e7\u00f6z\u00fcm sa\u011flay\u0131c\u0131 olarak kurumlar\u0131 gelece\u011fe ta\u015f\u0131mak.<\/p><p>De\u011ferlerimiz<br \/>Kazanmak i\u00e7in de\u011ferlerimizden \u00f6d\u00fcn vermeyiz.<\/p><p>Do\u011faya ve insana sayg\u0131l\u0131y\u0131z.<\/p><p>\u00c7evremize ve bulundu\u011fumuz ekosisteme de\u011fer katar\u0131z.<\/p><p>Hedeflerimize s\u0131k\u0131 s\u0131k\u0131ya ba\u011fl\u0131y\u0131z.<\/p><p>Yenili\u011fe ve geli\u015fime a\u00e7\u0131\u011f\u0131z.<\/p><p>\u00c7\u00f6z\u00fcme odaklan\u0131r\u0131z.<\/p><\/div><\/section><\/div>\t\t\t\t\t\t<\/div>\n\t\t\t\t<\/div>\n\t\t\t\t\t<\/div>\n\t\t<\/div>\n\t\t\t\t\t\t\t<\/div>\n\t\t<\/section>\n\t\t\t\t<section class=\"elementor-section elementor-top-section elementor-element elementor-element-6b96787d elementor-section-content-middle elementor-section-boxed elementor-section-height-default elementor-section-height-default\" data-id=\"6b96787d\" data-element_type=\"section\" data-settings=\"{&quot;_ha_eqh_enable&quot;:false}\">\n\t\t\t\t\t\t<div class=\"elementor-container elementor-column-gap-no\">\n\t\t\t\t\t<div class=\"elementor-column elementor-col-100 elementor-top-column elementor-element elementor-element-b87f4\" data-id=\"b87f4\" data-element_type=\"column\">\n\t\t\t<div class=\"elementor-widget-wrap elementor-element-populated\">\n\t\t\t\t\t\t\t\t<section class=\"elementor-section elementor-inner-section elementor-element elementor-element-3c5b4bd elementor-section-boxed elementor-section-height-default elementor-section-height-default\" data-id=\"3c5b4bd\" data-element_type=\"section\" data-settings=\"{&quot;_ha_eqh_enable&quot;:false}\">\n\t\t\t\t\t\t<div class=\"elementor-container elementor-column-gap-default\">\n\t\t\t\t\t<div class=\"elementor-column elementor-col-50 elementor-inner-column elementor-element elementor-element-210e3bc5\" data-id=\"210e3bc5\" data-element_type=\"column\">\n\t\t\t<div class=\"elementor-widget-wrap elementor-element-populated\">\n\t\t\t\t\t\t\t\t<div class=\"elementor-element elementor-element-657fef1e elementor-view-stacked elementor-position-left elementor-shape-circle elementor-mobile-position-top elementor-vertical-align-top elementor-widget elementor-widget-icon-box\" data-id=\"657fef1e\" data-element_type=\"widget\" data-widget_type=\"icon-box.default\">\n\t\t\t\t<div class=\"elementor-widget-container\">\n\t\t\t\t\t<div class=\"elementor-icon-box-wrapper\">\n\t\t\t\t\t\t<div class=\"elementor-icon-box-icon\">\n\t\t\t\t<span  class=\"elementor-icon elementor-animation-grow\">\n\t\t\t\t<i aria-hidden=\"true\" class=\"fas fa-globe-americas\"><\/i>\t\t\t\t<\/span>\n\t\t\t<\/div>\n\t\t\t\t\t\t<div class=\"elementor-icon-box-content\">\n\t\t\t\t<h3 class=\"elementor-icon-box-title\">\n\t\t\t\t\t<span  >\n\t\t\t\t\t\tD\u00dcNYA \u00c7APINDA TESL\u0130MAT\t\t\t\t\t<\/span>\n\t\t\t\t<\/h3>\n\t\t\t\t\t\t\t\t\t<p class=\"elementor-icon-box-description\">\n\t\t\t\t\t\tD\u00fcnyan\u0131n neresinde olursan\u0131z olun, internetiniz oldu\u011fu s\u00fcrece size yard\u0131mc\u0131 olabiliriz.\t\t\t\t\t<\/p>\n\t\t\t\t\t\t\t<\/div>\n\t\t<\/div>\n\t\t\t\t<\/div>\n\t\t\t\t<\/div>\n\t\t\t\t\t<\/div>\n\t\t<\/div>\n\t\t\t\t<div class=\"elementor-column elementor-col-50 elementor-inner-column elementor-element elementor-element-4c1a6a1e\" data-id=\"4c1a6a1e\" data-element_type=\"column\">\n\t\t\t<div class=\"elementor-widget-wrap elementor-element-populated\">\n\t\t\t\t\t\t\t\t<div class=\"elementor-element elementor-element-4d0afc37 elementor-view-stacked elementor-position-left elementor-shape-circle elementor-mobile-position-top elementor-vertical-align-top elementor-widget elementor-widget-icon-box\" data-id=\"4d0afc37\" data-element_type=\"widget\" data-widget_type=\"icon-box.default\">\n\t\t\t\t<div class=\"elementor-widget-container\">\n\t\t\t\t\t<div class=\"elementor-icon-box-wrapper\">\n\t\t\t\t\t\t<div class=\"elementor-icon-box-icon\">\n\t\t\t\t<span  class=\"elementor-icon elementor-animation-grow\">\n\t\t\t\t<i aria-hidden=\"true\" class=\"far fa-file-pdf\"><\/i>\t\t\t\t<\/span>\n\t\t\t<\/div>\n\t\t\t\t\t\t<div class=\"elementor-icon-box-content\">\n\t\t\t\t<h3 class=\"elementor-icon-box-title\">\n\t\t\t\t\t<span  >\n\t\t\t\t\t\tS\u00d6ZLE\u015eMES\u0130Z\t\t\t\t\t<\/span>\n\t\t\t\t<\/h3>\n\t\t\t\t\t\t\t\t\t<p class=\"elementor-icon-box-description\">\n\t\t\t\t\t\tAyl\u0131k veya y\u0131ll\u0131k aboneliklerimiz yoktur, bu nedenle yaln\u0131zca hizmete ihtiyac\u0131n\u0131z oldu\u011funda \u00f6deme yapars\u0131n\u0131z, bu da onu y\u00fcksek maliyetli hale getirir.\t\t\t\t\t<\/p>\n\t\t\t\t\t\t\t<\/div>\n\t\t<\/div>\n\t\t\t\t<\/div>\n\t\t\t\t<\/div>\n\t\t\t\t\t<\/div>\n\t\t<\/div>\n\t\t\t\t\t\t\t<\/div>\n\t\t<\/section>\n\t\t\t\t<section class=\"elementor-section elementor-inner-section elementor-element elementor-element-7420a55c elementor-section-boxed elementor-section-height-default elementor-section-height-default\" data-id=\"7420a55c\" data-element_type=\"section\" data-settings=\"{&quot;_ha_eqh_enable&quot;:false}\">\n\t\t\t\t\t\t<div class=\"elementor-container elementor-column-gap-default\">\n\t\t\t\t\t<div class=\"elementor-column elementor-col-50 elementor-inner-column elementor-element elementor-element-216ab808\" data-id=\"216ab808\" data-element_type=\"column\">\n\t\t\t<div class=\"elementor-widget-wrap elementor-element-populated\">\n\t\t\t\t\t\t\t\t<div class=\"elementor-element elementor-element-7e1d1715 elementor-view-stacked elementor-position-left elementor-shape-circle elementor-mobile-position-top elementor-vertical-align-top elementor-widget elementor-widget-icon-box\" data-id=\"7e1d1715\" data-element_type=\"widget\" data-widget_type=\"icon-box.default\">\n\t\t\t\t<div class=\"elementor-widget-container\">\n\t\t\t\t\t<div class=\"elementor-icon-box-wrapper\">\n\t\t\t\t\t\t<div class=\"elementor-icon-box-icon\">\n\t\t\t\t<span  class=\"elementor-icon elementor-animation-grow\">\n\t\t\t\t<i aria-hidden=\"true\" class=\"fas fa-lock\"><\/i>\t\t\t\t<\/span>\n\t\t\t<\/div>\n\t\t\t\t\t\t<div class=\"elementor-icon-box-content\">\n\t\t\t\t<h3 class=\"elementor-icon-box-title\">\n\t\t\t\t\t<span  >\n\t\t\t\t\t\tG\u00dcVENL\u0130 \u00d6DEME\t\t\t\t\t<\/span>\n\t\t\t\t<\/h3>\n\t\t\t\t\t\t\t\t\t<p class=\"elementor-icon-box-description\">\n\t\t\t\t\t\t\u00d6demelerimiz, akredite \u00f6deme sa\u011flay\u0131c\u0131lar\u0131 taraf\u0131ndan ger\u00e7ekle\u015ftirilir ve i\u015flemi g\u00fcvenli hale getirmek i\u00e7in \u00e7evrimi\u00e7i \u00f6demeniz ve en son \u015fifreleme teknolojileriyle size en y\u00fcksek g\u00fcvenli\u011fi sa\u011flar.\t\t\t\t\t<\/p>\n\t\t\t\t\t\t\t<\/div>\n\t\t<\/div>\n\t\t\t\t<\/div>\n\t\t\t\t<\/div>\n\t\t\t\t\t<\/div>\n\t\t<\/div>\n\t\t\t\t<div class=\"elementor-column elementor-col-50 elementor-inner-column elementor-element elementor-element-4f23038f\" data-id=\"4f23038f\" data-element_type=\"column\">\n\t\t\t<div class=\"elementor-widget-wrap elementor-element-populated\">\n\t\t\t\t\t\t\t\t<div class=\"elementor-element elementor-element-2b68adeb elementor-view-stacked elementor-position-left elementor-shape-circle elementor-mobile-position-top elementor-vertical-align-top elementor-widget elementor-widget-icon-box\" data-id=\"2b68adeb\" data-element_type=\"widget\" data-widget_type=\"icon-box.default\">\n\t\t\t\t<div class=\"elementor-widget-container\">\n\t\t\t\t\t<div class=\"elementor-icon-box-wrapper\">\n\t\t\t\t\t\t<div class=\"elementor-icon-box-icon\">\n\t\t\t\t<span  class=\"elementor-icon elementor-animation-grow\">\n\t\t\t\t<i aria-hidden=\"true\" class=\"fas fa-headset\"><\/i>\t\t\t\t<\/span>\n\t\t\t<\/div>\n\t\t\t\t\t\t<div class=\"elementor-icon-box-content\">\n\t\t\t\t<h3 class=\"elementor-icon-box-title\">\n\t\t\t\t\t<span  >\n\t\t\t\t\t\t7\/24 DESTEK\t\t\t\t\t<\/span>\n\t\t\t\t<\/h3>\n\t\t\t\t\t\t\t\t\t<p class=\"elementor-icon-box-description\">\n\t\t\t\t\t\t7\/24 hizmetinizdeyiz, bu y\u00fczden yard\u0131m\u0131m\u0131za ihtiyac\u0131n\u0131z oldu\u011funda size yard\u0131m etmeye haz\u0131r olaca\u011f\u0131z.\t\t\t\t\t<\/p>\n\t\t\t\t\t\t\t<\/div>\n\t\t<\/div>\n\t\t\t\t<\/div>\n\t\t\t\t<\/div>\n\t\t\t\t\t<\/div>\n\t\t<\/div>\n\t\t\t\t\t\t\t<\/div>\n\t\t<\/section>\n\t\t\t\t\t<\/div>\n\t\t<\/div>\n\t\t\t\t\t\t\t<\/div>\n\t\t<\/section>\n\t\t\t\t\t\t\t<\/div>","protected":false},"excerpt":{"rendered":"<p>How it all started \u00a0 Our company, which set out with the slogan &#8220;We add value to your business&#8221; in the IT sector, with an approach based on unconditional customer satisfaction, to produce effective solutions to the business efficiency needs and expectations of its customers, to increase their competitiveness, to enable them to closely follow [&hellip;]<\/p>","protected":false},"author":5,"featured_media":0,"parent":0,"menu_order":0,"comment_status":"closed","ping_status":"closed","template":"elementor_header_footer","meta":{"footnotes":""},"class_list":["post-40","page","type-page","status-publish","hentry"],"_links":{"self":[{"href":"https:\/\/ittechfix.com\/tr\/wp-json\/wp\/v2\/pages\/40","targetHints":{"allow":["GET"]}}],"collection":[{"href":"https:\/\/ittechfix.com\/tr\/wp-json\/wp\/v2\/pages"}],"about":[{"href":"https:\/\/ittechfix.com\/tr\/wp-json\/wp\/v2\/types\/page"}],"author":[{"embeddable":true,"href":"https:\/\/ittechfix.com\/tr\/wp-json\/wp\/v2\/users\/5"}],"replies":[{"embeddable":true,"href":"https:\/\/ittechfix.com\/tr\/wp-json\/wp\/v2\/comments?post=40"}],"version-history":[{"count":63,"href":"https:\/\/ittechfix.com\/tr\/wp-json\/wp\/v2\/pages\/40\/revisions"}],"predecessor-version":[{"id":5423,"href":"https:\/\/ittechfix.com\/tr\/wp-json\/wp\/v2\/pages\/40\/revisions\/5423"}],"wp:attachment":[{"href":"https:\/\/ittechfix.com\/tr\/wp-json\/wp\/v2\/media?parent=40"}],"curies":[{"name":"wp","href":"https:\/\/api.w.org\/{rel}","templated":true}]}}