{"id":4084,"date":"2021-07-15T12:35:30","date_gmt":"2021-07-15T12:35:30","guid":{"rendered":"https:\/\/ittechfix.com\/?post_type=product&#038;p=4084"},"modified":"2022-05-22T23:39:24","modified_gmt":"2022-05-22T23:39:24","slug":"6-timers-fjern-support","status":"publish","type":"product","link":"https:\/\/ittechfix.com\/tr\/services\/6-timers-fjern-support\/","title":{"rendered":"6 Saat Uzak canl\u0131 Destek"},"content":{"rendered":"<p>Bilgisayar\u0131n\u0131zla ilgili bir sorun mu ya\u015f\u0131yorsunuz?\n<br><br>\n\u015eimdi \u00c7evrimi\u00e7i Uzaktan Destek sat\u0131n al\u0131n.\n<br><br>\nBu \u00fcr\u00fcn, alt\u0131 saatlik \u00c7evrimi\u00e7i Uzaktan Destek hizmetini kapsar.<\/p>","protected":false},"excerpt":{"rendered":"<p>Our shop provides quality products with official guarantees from supplier distributors. Various products are diverse and all packaged safely and firmly.<\/p>","protected":false},"featured_media":0,"comment_status":"open","ping_status":"closed","template":"","meta":[],"product_cat":[15],"product_tag":[],"class_list":{"0":"post-4084","1":"product","2":"type-product","3":"status-publish","5":"product_cat-uncategorized","7":"first","8":"instock","9":"shipping-taxable","10":"purchasable","11":"product-type-simple"},"_links":{"self":[{"href":"https:\/\/ittechfix.com\/tr\/wp-json\/wp\/v2\/product\/4084","targetHints":{"allow":["GET"]}}],"collection":[{"href":"https:\/\/ittechfix.com\/tr\/wp-json\/wp\/v2\/product"}],"about":[{"href":"https:\/\/ittechfix.com\/tr\/wp-json\/wp\/v2\/types\/product"}],"replies":[{"embeddable":true,"href":"https:\/\/ittechfix.com\/tr\/wp-json\/wp\/v2\/comments?post=4084"}],"version-history":[{"count":2,"href":"https:\/\/ittechfix.com\/tr\/wp-json\/wp\/v2\/product\/4084\/revisions"}],"predecessor-version":[{"id":4774,"href":"https:\/\/ittechfix.com\/tr\/wp-json\/wp\/v2\/product\/4084\/revisions\/4774"}],"wp:attachment":[{"href":"https:\/\/ittechfix.com\/tr\/wp-json\/wp\/v2\/media?parent=4084"}],"wp:term":[{"taxonomy":"product_cat","embeddable":true,"href":"https:\/\/ittechfix.com\/tr\/wp-json\/wp\/v2\/product_cat?post=4084"},{"taxonomy":"product_tag","embeddable":true,"href":"https:\/\/ittechfix.com\/tr\/wp-json\/wp\/v2\/product_tag?post=4084"}],"curies":[{"name":"wp","href":"https:\/\/api.w.org\/{rel}","templated":true}]}}